{"id":1105,"date":"2022-09-22T20:53:24","date_gmt":"2022-09-22T18:53:24","guid":{"rendered":"http:\/\/putbus.uwe-horn.net\/gemeinde\/?page_id=1105"},"modified":"2025-09-23T13:46:51","modified_gmt":"2025-09-23T11:46:51","slug":"buergerservice","status":"publish","type":"page","link":"https:\/\/putbus.de\/stadt-putbus\/buergerservice\/","title":{"rendered":"B\u00fcrgerservice"},"content":{"rendered":"\n<div class=\"wp-block-cover alignfull has-border-color has-white-border-color\" style=\"border-width:1.5vw;min-height:50vh;aspect-ratio:unset;\"><span aria-hidden=\"true\" class=\"wp-block-cover__background has-background-dim-0 has-background-dim\" style=\"background-color:#5f6a7f\"><\/span><img loading=\"lazy\" decoding=\"async\" width=\"2000\" height=\"1333\" src=\"https:\/\/putbus.de\/stadt-putbus\/wp-content\/uploads\/sites\/3\/2025\/08\/putbus_markt_rathaus-1.jpg\" class=\"wp-block-cover__image-background wp-post-image\" alt=\"\" data-object-fit=\"cover\" data-object-position=\"50% 44%\" style=\"object-position:50% 44%;\" srcset=\"https:\/\/putbus.de\/stadt-putbus\/wp-content\/uploads\/sites\/3\/2025\/08\/putbus_markt_rathaus-1.jpg 2000w, https:\/\/putbus.de\/stadt-putbus\/wp-content\/uploads\/sites\/3\/2025\/08\/putbus_markt_rathaus-1-300x200.jpg 300w, https:\/\/putbus.de\/stadt-putbus\/wp-content\/uploads\/sites\/3\/2025\/08\/putbus_markt_rathaus-1-1024x682.jpg 1024w, https:\/\/putbus.de\/stadt-putbus\/wp-content\/uploads\/sites\/3\/2025\/08\/putbus_markt_rathaus-1-768x512.jpg 768w, https:\/\/putbus.de\/stadt-putbus\/wp-content\/uploads\/sites\/3\/2025\/08\/putbus_markt_rathaus-1-1536x1024.jpg 1536w\" sizes=\"auto, (max-width: 2000px) 100vw, 2000px\" \/><div class=\"wp-block-cover__inner-container is-layout-constrained wp-block-cover-is-layout-constrained\">\n<p class=\"has-text-align-center has-large-font-size\"><\/p>\n<\/div><\/div>\n\n\n\n<div class=\"wp-block-cover alignfull is-light\" style=\"border-top-style:none;border-top-width:0vw;border-right-color:var(--wp--preset--color--white);border-right-width:1.5vw;border-bottom-color:var(--wp--preset--color--white);border-left-color:var(--wp--preset--color--white);border-left-width:1.5vw;margin-top:0;margin-bottom:0;padding-top:0;padding-right:0;padding-bottom:0;padding-left:0;min-height:240px;aspect-ratio:unset;\"><img loading=\"lazy\" decoding=\"async\" width=\"1024\" height=\"225\" class=\"wp-block-cover__image-background wp-image-4160 size-large\" alt=\"\" src=\"https:\/\/putbus.de\/stadt-putbus\/wp-content\/uploads\/sites\/3\/2025\/08\/bg_tabs-1-1024x225.png\" data-object-fit=\"cover\" srcset=\"https:\/\/putbus.de\/stadt-putbus\/wp-content\/uploads\/sites\/3\/2025\/08\/bg_tabs-1-1024x225.png 1024w, https:\/\/putbus.de\/stadt-putbus\/wp-content\/uploads\/sites\/3\/2025\/08\/bg_tabs-1-300x66.png 300w, https:\/\/putbus.de\/stadt-putbus\/wp-content\/uploads\/sites\/3\/2025\/08\/bg_tabs-1-768x169.png 768w, https:\/\/putbus.de\/stadt-putbus\/wp-content\/uploads\/sites\/3\/2025\/08\/bg_tabs-1-1536x338.png 1536w, https:\/\/putbus.de\/stadt-putbus\/wp-content\/uploads\/sites\/3\/2025\/08\/bg_tabs-1.png 1920w\" sizes=\"auto, (max-width: 1024px) 100vw, 1024px\" \/><span aria-hidden=\"true\" class=\"wp-block-cover__background has-background-dim\" style=\"background-color:#fcfbf9\"><\/span><div class=\"wp-block-cover__inner-container is-layout-constrained wp-container-core-cover-is-layout-72190d31 wp-block-cover-is-layout-constrained\">\n<div class=\"wp-block-group alignwide is-layout-constrained wp-block-group-is-layout-constrained\">\n<div class=\"wp-block-group alignfull is-nowrap is-layout-flex wp-container-core-group-is-layout-b6b71352 wp-block-group-is-layout-flex\" style=\"padding-right:0;padding-left:0\">\n<h4 class=\"wp-block-heading has-primary-color has-text-color has-link-color has-jost-font-family has-small-font-size wp-elements-5f8a268135d6922a57540e0135d18170\" style=\"font-style:normal;font-weight:400\"><a href=\"\/\">Startseite<\/a><\/h4>\n\n\n\n<h4 class=\"wp-block-heading has-primary-color has-text-color has-link-color has-jost-font-family has-small-font-size wp-elements-e748835a7f3ffb267ad89f2a493c0e46\" style=\"font-style:normal;font-weight:400\"><a href=\"\/stadt-putbus\">Stadt Putbus<\/a><\/h4>\n\n\n<h4 style=\"font-style:normal;font-weight:400;\" class=\"has-link-color wp-elements-62edc01cb5249a80f4ffb694134daceb wp-block-post-title has-text-color has-primary-color has-small-font-size has-jost-font-family\">B\u00fcrgerservice<\/h4><\/div>\n\n\n<h1 class=\"has-link-color alignfull wp-elements-372d453621380a31c40f4b12e47455da wp-block-post-title has-text-color has-primary-color has-large-font-size\">B\u00fcrgerservice<\/h1><\/div>\n<\/div><\/div>\n\n\n\n<div class=\"wp-block-columns alignwide is-layout-flex wp-container-core-columns-is-layout-b0bab6eb wp-block-columns-is-layout-flex\" style=\"margin-top:var(--wp--preset--spacing--40);margin-bottom:var(--wp--preset--spacing--40)\">\n<div class=\"wp-block-column is-layout-flow wp-container-core-column-is-layout-c1becc30 wp-block-column-is-layout-flow\" style=\"padding-right:var(--wp--preset--spacing--10);padding-left:var(--wp--preset--spacing--10)\">\n<div class=\"wp-block-group alignfull is-layout-grid wp-container-core-group-is-layout-118e319b wp-block-group-is-layout-grid\" style=\"padding-right:0;padding-left:0\">\n<a href=\"https:\/\/putbus.de\/stadt-putbus\/verwaltung\/\" target=\"_self\" rel=\"noopener\" title=\"Verwaltungsstruktur und Ansprechpartner\" class=\"wp-block-theme-hyperlink\">\n<div class=\"wp-block-cover is-style-landscape\" style=\"min-height:200px;aspect-ratio:unset;\"><span aria-hidden=\"true\" class=\"wp-block-cover__background has-light-background-color has-background-dim-100 has-background-dim\"><\/span><div class=\"wp-block-cover__inner-container is-layout-constrained wp-block-cover-is-layout-constrained\">\n<h2 class=\"wp-block-heading has-text-align-left has-primary-color has-text-color has-link-color has-medium-font-size wp-elements-d3c7a4267b64461ff3e14f1f05e643dc\">Verwaltungsstruktur und Ansprechpartner<\/h2>\n\n\n\n<p class=\"has-text-align-left has-primary-color has-text-color has-link-color wp-elements-88a39054a86703032668659aee03d501\">weiterlesen<\/p>\n<\/div><\/div>\n<\/a>\n\n\n\n<a href=\"https:\/\/putbus.de\/stadt-putbus\/formulare-vordrucke\/\" target=\"_self\" rel=\"noopener\" title=\"Verwaltungsleistungen, Formulare und Vordrucke\" class=\"wp-block-theme-hyperlink\">\n<div class=\"wp-block-cover is-style-landscape\" style=\"min-height:200px;aspect-ratio:unset;\"><span aria-hidden=\"true\" class=\"wp-block-cover__background has-light-background-color has-background-dim-100 has-background-dim\"><\/span><div class=\"wp-block-cover__inner-container is-layout-constrained wp-block-cover-is-layout-constrained\">\n<h2 class=\"wp-block-heading has-text-align-left has-primary-color has-text-color has-link-color has-medium-font-size wp-elements-57cf8513219bef55dfb946a50f912e16\">Verwaltungsleistungen, Formulare und Vordrucke<\/h2>\n\n\n\n<p class=\"has-text-align-left has-primary-color has-text-color has-link-color wp-elements-88a39054a86703032668659aee03d501\">weiterlesen<\/p>\n<\/div><\/div>\n<\/a>\n\n\n\n<a href=\"https:\/\/putbus.de\/stadt-putbus\/satzungen\/\" target=\"_self\" rel=\"noopener\" title=\"Satzungen\" class=\"wp-block-theme-hyperlink\">\n<div class=\"wp-block-cover is-style-landscape\" style=\"min-height:200px;aspect-ratio:unset;\"><span aria-hidden=\"true\" class=\"wp-block-cover__background has-light-background-color has-background-dim-100 has-background-dim\"><\/span><div class=\"wp-block-cover__inner-container is-layout-constrained wp-block-cover-is-layout-constrained\">\n<h2 class=\"wp-block-heading has-text-align-left has-primary-color has-text-color has-link-color has-medium-font-size wp-elements-efae0839aa5da25be02f59b2f9ef5000\">Satzungen<\/h2>\n\n\n\n<p class=\"has-text-align-left has-primary-color has-text-color has-link-color wp-elements-88a39054a86703032668659aee03d501\">weiterlesen<\/p>\n<\/div><\/div>\n<\/a>\n\n\n\n<a href=\"https:\/\/putbus.de\/stadt-putbus\/einwohnerkarte\/\" target=\"_self\" rel=\"noopener\" title=\"Einwohnerkarte\" class=\"wp-block-theme-hyperlink\">\n<div class=\"wp-block-cover is-style-landscape\" style=\"min-height:200px;aspect-ratio:unset;\"><span aria-hidden=\"true\" class=\"wp-block-cover__background has-light-background-color has-background-dim-100 has-background-dim\"><\/span><div class=\"wp-block-cover__inner-container is-layout-constrained wp-block-cover-is-layout-constrained\">\n<h2 class=\"wp-block-heading has-text-align-left has-primary-color has-text-color has-link-color has-medium-font-size wp-elements-b5a16d0a58d113597e533c20d6c0b265\">Einwohnerkarte<\/h2>\n\n\n\n<p class=\"has-text-align-left has-primary-color has-text-color has-link-color wp-elements-88a39054a86703032668659aee03d501\">weiterlesen<\/p>\n<\/div><\/div>\n<\/a>\n\n\n\n<a href=\"https:\/\/putbus.de\/stadt-putbus\/institutionen\/\" target=\"_self\" rel=\"noopener\" title=\"Institutionen, Einrichtungen und Vereine\" class=\"wp-block-theme-hyperlink\">\n<div class=\"wp-block-cover is-style-landscape\" style=\"min-height:200px;aspect-ratio:unset;\"><span aria-hidden=\"true\" class=\"wp-block-cover__background has-light-background-color has-background-dim-100 has-background-dim\"><\/span><div class=\"wp-block-cover__inner-container is-layout-constrained wp-block-cover-is-layout-constrained\">\n<h2 class=\"wp-block-heading has-text-align-left has-primary-color has-text-color has-link-color has-medium-font-size wp-elements-88e3d9f835cc525525ae1bc1fc9149c6\">Institutionen, Einrichtungen und Vereine<\/h2>\n\n\n\n<p class=\"has-text-align-left has-primary-color has-text-color has-link-color wp-elements-88a39054a86703032668659aee03d501\">weiterlesen<\/p>\n<\/div><\/div>\n<\/a>\n\n\n\n<a href=\"https:\/\/putbus.de\/stadt-putbus\/gleichstellungsbeauftragte\/\" target=\"_self\" rel=\"noopener\" title=\"Gleichstellungsbeauftragte\" class=\"wp-block-theme-hyperlink\">\n<div class=\"wp-block-cover is-style-landscape\" style=\"min-height:200px;aspect-ratio:unset;\"><span aria-hidden=\"true\" class=\"wp-block-cover__background has-light-background-color has-background-dim-100 has-background-dim\"><\/span><div class=\"wp-block-cover__inner-container is-layout-constrained wp-block-cover-is-layout-constrained\">\n<h2 class=\"wp-block-heading has-text-align-left has-primary-color has-text-color has-link-color has-medium-font-size wp-elements-8ac0811163ebbf1c6da20d2337c9e35a\">Gleichstellungsbeauftragte<\/h2>\n\n\n\n<p class=\"has-text-align-left has-primary-color has-text-color has-link-color wp-elements-88a39054a86703032668659aee03d501\">weiterlesen<\/p>\n<\/div><\/div>\n<\/a>\n\n\n\n<a href=\"https:\/\/putbus.de\/stadt-putbus\/schiedstelle-putbus\/\" target=\"_self\" rel=\"noopener\" title=\"Schiedstelle Putbus\" class=\"wp-block-theme-hyperlink\">\n<div class=\"wp-block-cover is-style-landscape\" style=\"min-height:200px;aspect-ratio:unset;\"><span aria-hidden=\"true\" class=\"wp-block-cover__background has-light-background-color has-background-dim-100 has-background-dim\"><\/span><div class=\"wp-block-cover__inner-container is-layout-constrained wp-block-cover-is-layout-constrained\">\n<h2 class=\"wp-block-heading has-text-align-left has-primary-color has-text-color has-link-color has-medium-font-size wp-elements-77d55f1ca40b804eacc2270f7bb78106\">Schiedstelle Putbus<\/h2>\n\n\n\n<p class=\"has-text-align-left has-primary-color has-text-color has-link-color wp-elements-88a39054a86703032668659aee03d501\">weiterlesen<\/p>\n<\/div><\/div>\n<\/a>\n\n\n\n<a href=\"https:\/\/putbus.de\/stadt-putbus\/grundsteuerreform\/\" target=\"_self\" rel=\"noopener\" title=\"Grundsteuerreform\" class=\"wp-block-theme-hyperlink\">\n<div class=\"wp-block-cover is-style-landscape\" style=\"min-height:200px;aspect-ratio:unset;\"><span aria-hidden=\"true\" class=\"wp-block-cover__background has-light-background-color has-background-dim-100 has-background-dim\"><\/span><div class=\"wp-block-cover__inner-container is-layout-constrained wp-block-cover-is-layout-constrained\">\n<h2 class=\"wp-block-heading has-text-align-left has-primary-color has-text-color has-link-color has-medium-font-size wp-elements-a70277e7a1926e8f8f1bec3501b2dc69\">Grundsteuerreform<\/h2>\n\n\n\n<p class=\"has-text-align-left has-primary-color has-text-color has-link-color wp-elements-88a39054a86703032668659aee03d501\">weiterlesen<\/p>\n<\/div><\/div>\n<\/a>\n<\/div>\n\n\n\n<div class=\"wp-block-group alignwide is-layout-flow wp-block-group-is-layout-flow\" style=\"padding-top:0;padding-right:0;padding-bottom:0;padding-left:0\">\n<div class=\"wp-block-group alignwide is-style-default is-layout-grid wp-container-core-group-is-layout-988b637e wp-block-group-is-layout-grid\">\n<a href=\"https:\/\/www.ruegen.de\/\" target=\"_blank\" rel=\"noopener\" title=\"Insel R\u00fcgen\" class=\"wp-block-theme-hyperlink\">\n<div class=\"wp-block-cover alignfull is-style-square\" style=\"padding-top:0;padding-right:0;padding-bottom:0;padding-left:0\"><img loading=\"lazy\" decoding=\"async\" width=\"1024\" height=\"576\" class=\"wp-block-cover__image-background wp-image-4238 size-large\" alt=\"\" src=\"https:\/\/putbus.de\/stadt-putbus\/wp-content\/uploads\/sites\/3\/2025\/08\/ruegen-1-1024x576.jpg\" data-object-fit=\"cover\" srcset=\"https:\/\/putbus.de\/stadt-putbus\/wp-content\/uploads\/sites\/3\/2025\/08\/ruegen-1-1024x576.jpg 1024w, https:\/\/putbus.de\/stadt-putbus\/wp-content\/uploads\/sites\/3\/2025\/08\/ruegen-1-300x169.jpg 300w, https:\/\/putbus.de\/stadt-putbus\/wp-content\/uploads\/sites\/3\/2025\/08\/ruegen-1-768x432.jpg 768w, https:\/\/putbus.de\/stadt-putbus\/wp-content\/uploads\/sites\/3\/2025\/08\/ruegen-1-1536x864.jpg 1536w, https:\/\/putbus.de\/stadt-putbus\/wp-content\/uploads\/sites\/3\/2025\/08\/ruegen-1.jpg 1600w\" sizes=\"auto, (max-width: 1024px) 100vw, 1024px\" \/><span aria-hidden=\"true\" class=\"wp-block-cover__background has-dark-background-color has-background-dim-20 has-background-dim\"><\/span><div class=\"wp-block-cover__inner-container is-layout-constrained wp-container-core-cover-is-layout-c06d165c wp-block-cover-is-layout-constrained\">\n<div class=\"wp-block-group is-style-streched is-vertical is-content-justification-center is-layout-flex wp-container-core-group-is-layout-ce155fab wp-block-group-is-layout-flex\">\n<h2 class=\"wp-block-heading has-text-align-center has-dimmed-color has-text-color has-link-color has-medium-font-size wp-elements-d24b6232814f22ada782f899f0065a40\">Insel R\u00fcgen<\/h2>\n\n\n\n<p class=\"has-dimmed-color has-text-color has-link-color wp-elements-ff8b4d56ba4f81ef918deb3e6b6627f5\">ansehen<\/p>\n<\/div>\n<\/div><\/div>\n<\/a>\n\n\n\n<a href=\"https:\/\/www.lk-vr.de\" target=\"_blank\" rel=\"nofollow noopener\" title=\"Landkreis Vorpommern R\u00fcgen\" class=\"wp-block-theme-hyperlink\">\n<div class=\"wp-block-cover alignfull is-style-square\"><img loading=\"lazy\" decoding=\"async\" width=\"1024\" height=\"682\" class=\"wp-block-cover__image-background wp-image-4239 size-large\" alt=\"\" src=\"https:\/\/putbus.de\/stadt-putbus\/wp-content\/uploads\/sites\/3\/2025\/08\/mecklenburg-1-1024x682.jpg\" data-object-fit=\"cover\" srcset=\"https:\/\/putbus.de\/stadt-putbus\/wp-content\/uploads\/sites\/3\/2025\/08\/mecklenburg-1-1024x682.jpg 1024w, https:\/\/putbus.de\/stadt-putbus\/wp-content\/uploads\/sites\/3\/2025\/08\/mecklenburg-1-300x200.jpg 300w, https:\/\/putbus.de\/stadt-putbus\/wp-content\/uploads\/sites\/3\/2025\/08\/mecklenburg-1-768x512.jpg 768w, https:\/\/putbus.de\/stadt-putbus\/wp-content\/uploads\/sites\/3\/2025\/08\/mecklenburg-1-1536x1023.jpg 1536w, https:\/\/putbus.de\/stadt-putbus\/wp-content\/uploads\/sites\/3\/2025\/08\/mecklenburg-1.jpg 1600w\" sizes=\"auto, (max-width: 1024px) 100vw, 1024px\" \/><span aria-hidden=\"true\" class=\"wp-block-cover__background has-dark-background-color has-background-dim-20 has-background-dim\"><\/span><div class=\"wp-block-cover__inner-container is-layout-constrained wp-block-cover-is-layout-constrained\">\n<div class=\"wp-block-group is-style-streched is-vertical is-content-justification-center is-layout-flex wp-container-core-group-is-layout-ce155fab wp-block-group-is-layout-flex\">\n<h2 class=\"wp-block-heading has-text-align-center has-dimmed-color has-text-color has-link-color has-medium-font-size wp-elements-dbc4a509e73d778f1bd39d3e0d95cb95\">Landkreis Vorpommern R\u00fcgen<\/h2>\n\n\n\n<p class=\"has-dimmed-color has-text-color has-link-color wp-elements-ff8b4d56ba4f81ef918deb3e6b6627f5\">ansehen<\/p>\n<\/div>\n<\/div><\/div>\n<\/a>\n\n\n\n<a href=\"http:\/\/www.feuerwehr-putbus.de\" target=\"_blank\" rel=\"nofollow noopener\" title=\"Freiwillige Feuerwehr Putbus\" class=\"wp-block-theme-hyperlink\">\n<div class=\"wp-block-cover alignfull is-style-landscape\" style=\"padding-top:0;padding-right:0;padding-bottom:0;padding-left:0\"><img loading=\"lazy\" decoding=\"async\" width=\"1024\" height=\"576\" class=\"wp-block-cover__image-background wp-image-4242 size-large\" alt=\"\" src=\"https:\/\/putbus.de\/stadt-putbus\/wp-content\/uploads\/sites\/3\/2025\/08\/feuerwehr-1-1024x576.jpg\" data-object-fit=\"cover\" srcset=\"https:\/\/putbus.de\/stadt-putbus\/wp-content\/uploads\/sites\/3\/2025\/08\/feuerwehr-1-1024x576.jpg 1024w, https:\/\/putbus.de\/stadt-putbus\/wp-content\/uploads\/sites\/3\/2025\/08\/feuerwehr-1-300x169.jpg 300w, https:\/\/putbus.de\/stadt-putbus\/wp-content\/uploads\/sites\/3\/2025\/08\/feuerwehr-1-768x432.jpg 768w, https:\/\/putbus.de\/stadt-putbus\/wp-content\/uploads\/sites\/3\/2025\/08\/feuerwehr-1-1536x864.jpg 1536w, https:\/\/putbus.de\/stadt-putbus\/wp-content\/uploads\/sites\/3\/2025\/08\/feuerwehr-1.jpg 1820w\" sizes=\"auto, (max-width: 1024px) 100vw, 1024px\" \/><span aria-hidden=\"true\" class=\"wp-block-cover__background has-dark-background-color has-background-dim-20 has-background-dim\"><\/span><div class=\"wp-block-cover__inner-container is-layout-constrained wp-container-core-cover-is-layout-c06d165c wp-block-cover-is-layout-constrained\">\n<div class=\"wp-block-group is-style-streched is-vertical is-content-justification-center is-layout-flex wp-container-core-group-is-layout-ce155fab wp-block-group-is-layout-flex\">\n<h2 class=\"wp-block-heading has-text-align-center has-dimmed-color has-text-color has-link-color has-medium-font-size wp-elements-529af5822eb5daee2edcd0b131e89912\">Freiwillige Feuerwehr Putbus<\/h2>\n\n\n\n<p class=\"has-dimmed-color has-text-color has-link-color wp-elements-ff8b4d56ba4f81ef918deb3e6b6627f5\">ansehen<\/p>\n<\/div>\n<\/div><\/div>\n<\/a>\n\n\n\n<a href=\"https:\/\/www.biosphaerenreservat-suedostruegen.de\" target=\"_blank\" rel=\"nofollow noopener\" title=\"Biosp\u00e4hrenreservat S\u00fcdost-R\u00fcgen\" class=\"wp-block-theme-hyperlink\">\n<div class=\"wp-block-cover alignfull is-light is-style-square\"><img loading=\"lazy\" decoding=\"async\" width=\"1024\" height=\"768\" class=\"wp-block-cover__image-background wp-image-4211 size-large\" alt=\"\" src=\"https:\/\/putbus.de\/stadt-putbus\/wp-content\/uploads\/sites\/3\/2025\/08\/Stresow-1-1024x768.jpg\" data-object-fit=\"cover\" srcset=\"https:\/\/putbus.de\/stadt-putbus\/wp-content\/uploads\/sites\/3\/2025\/08\/Stresow-1-1024x768.jpg 1024w, https:\/\/putbus.de\/stadt-putbus\/wp-content\/uploads\/sites\/3\/2025\/08\/Stresow-1-300x225.jpg 300w, https:\/\/putbus.de\/stadt-putbus\/wp-content\/uploads\/sites\/3\/2025\/08\/Stresow-1-768x576.jpg 768w, https:\/\/putbus.de\/stadt-putbus\/wp-content\/uploads\/sites\/3\/2025\/08\/Stresow-1-1536x1152.jpg 1536w, https:\/\/putbus.de\/stadt-putbus\/wp-content\/uploads\/sites\/3\/2025\/08\/Stresow-1.jpg 2000w\" sizes=\"auto, (max-width: 1024px) 100vw, 1024px\" \/><span aria-hidden=\"true\" class=\"wp-block-cover__background has-dark-background-color has-background-dim-20 has-background-dim\"><\/span><div class=\"wp-block-cover__inner-container is-layout-constrained wp-block-cover-is-layout-constrained\">\n<div class=\"wp-block-group is-style-streched is-vertical is-content-justification-center is-layout-flex wp-container-core-group-is-layout-ce155fab wp-block-group-is-layout-flex\">\n<h2 class=\"wp-block-heading has-text-align-center has-dimmed-color has-text-color has-link-color has-medium-font-size wp-elements-77a537078c7add805c84860b4893206e\">Biosp\u00e4hrenreservat S\u00fcdost-R\u00fcgen<\/h2>\n\n\n\n<p class=\"has-dimmed-color has-text-color has-link-color wp-elements-ff8b4d56ba4f81ef918deb3e6b6627f5\">ansehen<\/p>\n<\/div>\n<\/div><\/div>\n<\/a>\n\n\n\n<a href=\"https:\/\/kulturstiftung-ruegen.de\" target=\"_blank\" rel=\"nofollow noopener\" title=\"Kulturstiftung R\u00fcgen\" class=\"wp-block-theme-hyperlink\">\n<div class=\"wp-block-cover alignfull is-style-square\"><img loading=\"lazy\" decoding=\"async\" width=\"1024\" height=\"768\" class=\"wp-block-cover__image-background wp-image-4237 size-large\" alt=\"\" src=\"https:\/\/putbus.de\/stadt-putbus\/wp-content\/uploads\/sites\/3\/2025\/08\/putbus-1-1024x768.jpg\" data-object-fit=\"cover\" srcset=\"https:\/\/putbus.de\/stadt-putbus\/wp-content\/uploads\/sites\/3\/2025\/08\/putbus-1-1024x768.jpg 1024w, https:\/\/putbus.de\/stadt-putbus\/wp-content\/uploads\/sites\/3\/2025\/08\/putbus-1-300x225.jpg 300w, https:\/\/putbus.de\/stadt-putbus\/wp-content\/uploads\/sites\/3\/2025\/08\/putbus-1-768x576.jpg 768w, https:\/\/putbus.de\/stadt-putbus\/wp-content\/uploads\/sites\/3\/2025\/08\/putbus-1-1536x1152.jpg 1536w, https:\/\/putbus.de\/stadt-putbus\/wp-content\/uploads\/sites\/3\/2025\/08\/putbus-1.jpg 1600w\" sizes=\"auto, (max-width: 1024px) 100vw, 1024px\" \/><span aria-hidden=\"true\" class=\"wp-block-cover__background has-dark-background-color has-background-dim-20 has-background-dim\"><\/span><div class=\"wp-block-cover__inner-container is-layout-constrained wp-block-cover-is-layout-constrained\">\n<div class=\"wp-block-group is-style-streched is-vertical is-content-justification-center is-layout-flex wp-container-core-group-is-layout-ce155fab wp-block-group-is-layout-flex\">\n<h2 class=\"wp-block-heading has-text-align-center has-dimmed-color has-text-color has-link-color has-medium-font-size wp-elements-ff5dec88451aac75180a30e89b0edd97\">Kulturstiftung R\u00fcgen<\/h2>\n\n\n\n<p class=\"has-dimmed-color has-text-color has-link-color wp-elements-ff8b4d56ba4f81ef918deb3e6b6627f5\">ansehen<\/p>\n<\/div>\n<\/div><\/div>\n<\/a>\n<\/div>\n<\/div>\n\n\n\n<div class=\"wp-block-group alignwide is-vertical is-layout-flex wp-container-core-group-is-layout-a4f8cc12 wp-block-group-is-layout-flex\" style=\"padding-right:0;padding-left:0\">\n<h2 class=\"wp-block-heading has-primary-color has-text-color\">Allgemeines<\/h2>\n\n\n\n<p>Die Beh\u00f6rdennummer 115 ist Ihre erste Anlaufstelle f\u00fcr Verwaltungsfragen aller Art. Wir beantworten die h\u00e4ufigsten B\u00fcrgeranfragen &#8211; von A wie Anmeldung bis Z wie Zulassung. Egal, wer in Kommune, Land oder Bund zust\u00e4ndig ist.<\/p>\n<\/div>\n\n\n\n<div class=\"wp-block-group alignwide is-layout-grid wp-container-core-group-is-layout-965512f0 wp-block-group-is-layout-grid\" style=\"padding-right:0;padding-left:0\">\n<div class=\"wp-block-group has-light-background-color has-background is-vertical is-layout-flex wp-container-core-group-is-layout-79d58207 wp-block-group-is-layout-flex\" style=\"padding-top:var(--wp--preset--spacing--30);padding-right:var(--wp--preset--spacing--30);padding-bottom:var(--wp--preset--spacing--30);padding-left:var(--wp--preset--spacing--30)\">\n<h3 class=\"wp-block-heading\"><strong>Die Vorteile der 115<\/strong><\/h3>\n\n\n\n<p>Mit der Beh\u00f6rdennummer entf\u00e4llt f\u00fcr Sie die aufwendige Suche nach dem zust\u00e4ndigen Amt, den Telefonnummern und \u00d6ffnungszeiten. Die freundlichen Mitarbeiterinnen und Mitarbeiter der 115 Servicecenter k\u00f6nnen schnell und kompetent zuverl\u00e4ssige Antworten auf Ihre Fragen geben.<\/p>\n<\/div>\n\n\n\n<div class=\"wp-block-group has-light-background-color has-background is-vertical is-layout-flex wp-container-core-group-is-layout-79d58207 wp-block-group-is-layout-flex\" style=\"padding-top:var(--wp--preset--spacing--30);padding-right:var(--wp--preset--spacing--30);padding-bottom:var(--wp--preset--spacing--30);padding-left:var(--wp--preset--spacing--30)\">\n<h3 class=\"wp-block-heading\"><strong>Was kostet der Anruf bei der Beh\u00f6rdennummer 11<\/strong>5?<\/h3>\n\n\n\n<p>Sie erreichen die 115 zum Ortstarif. Sie ist in vielen Flatrates enthalten.<\/p>\n<\/div>\n<\/div>\n\n\n\n<div class=\"wp-block-group alignwide is-vertical is-layout-flex wp-container-core-group-is-layout-fe9cc265 wp-block-group-is-layout-flex\">\n<h2 class=\"wp-block-heading has-primary-color has-text-color has-link-color wp-elements-f0ef67128682459360d230a08d51da11\"><strong>Unser 115 Serviceversprechen an Sie ist:<\/strong><\/h2>\n\n\n\n<ul class=\"wp-block-list\">\n<li>Die 115 ist Montag bis Freitag von 8.00 bis 18.00 Uhr erreichbar.<\/li>\n\n\n\n<li>75 Prozent der 115-Anrufe werden innerhalb von 30 Sekunden durch eine Mitarbeiterin oder einen Mitarbeiter angenommen.<\/li>\n\n\n\n<li>65 Prozent der 115-Anrufe werden beim ersten Kontakt beantwortet.<\/li>\n\n\n\n<li>Wenn nicht, dann erh\u00e4lt der Anrufer innerhalb von 24 Stunden w\u00e4hrend der Servicezeiten eine R\u00fcckmeldung, je nach Wunsch per E-Mail, Fax oder R\u00fcckruf.<\/li>\n<\/ul>\n<\/div>\n<\/div>\n<\/div>\n","protected":false},"excerpt":{"rendered":"<p>Allgemeines Die Beh\u00f6rdennummer 115 ist Ihre erste Anlaufstelle f\u00fcr Verwaltungsfragen aller Art. Wir beantworten die h\u00e4ufigsten B\u00fcrgeranfragen &#8211; von A wie Anmeldung bis Z wie Zulassung. Egal, wer in Kommune, Land oder Bund zust\u00e4ndig ist. Die Vorteile der 115 Mit der Beh\u00f6rdennummer entf\u00e4llt f\u00fcr Sie die aufwendige Suche nach dem zust\u00e4ndigen Amt, den Telefonnummern und [&hellip;]<\/p>\n","protected":false},"author":1,"featured_media":4247,"parent":0,"menu_order":20,"comment_status":"closed","ping_status":"closed","template":"","meta":{"footnotes":""},"seite_kategorie":[150],"class_list":["post-1105","page","type-page","status-publish","has-post-thumbnail","hentry","seite_kategorie-startseite"],"_links":{"self":[{"href":"https:\/\/putbus.de\/stadt-putbus\/wp-json\/wp\/v2\/pages\/1105","targetHints":{"allow":["GET"]}}],"collection":[{"href":"https:\/\/putbus.de\/stadt-putbus\/wp-json\/wp\/v2\/pages"}],"about":[{"href":"https:\/\/putbus.de\/stadt-putbus\/wp-json\/wp\/v2\/types\/page"}],"author":[{"embeddable":true,"href":"https:\/\/putbus.de\/stadt-putbus\/wp-json\/wp\/v2\/users\/1"}],"replies":[{"embeddable":true,"href":"https:\/\/putbus.de\/stadt-putbus\/wp-json\/wp\/v2\/comments?post=1105"}],"version-history":[{"count":37,"href":"https:\/\/putbus.de\/stadt-putbus\/wp-json\/wp\/v2\/pages\/1105\/revisions"}],"predecessor-version":[{"id":5063,"href":"https:\/\/putbus.de\/stadt-putbus\/wp-json\/wp\/v2\/pages\/1105\/revisions\/5063"}],"wp:featuredmedia":[{"embeddable":true,"href":"https:\/\/putbus.de\/stadt-putbus\/wp-json\/wp\/v2\/media\/4247"}],"wp:attachment":[{"href":"https:\/\/putbus.de\/stadt-putbus\/wp-json\/wp\/v2\/media?parent=1105"}],"wp:term":[{"taxonomy":"seite_kategorie","embeddable":true,"href":"https:\/\/putbus.de\/stadt-putbus\/wp-json\/wp\/v2\/seite_kategorie?post=1105"}],"curies":[{"name":"wp","href":"https:\/\/api.w.org\/{rel}","templated":true}]}}