{"id":1166,"date":"2022-09-25T14:24:41","date_gmt":"2022-09-25T12:24:41","guid":{"rendered":"http:\/\/putbus.uwe-horn.net\/gemeinde\/?page_id=1166"},"modified":"2025-09-22T11:19:29","modified_gmt":"2025-09-22T09:19:29","slug":"putbuser-nachrichten","status":"publish","type":"page","link":"https:\/\/putbus.de\/stadt-putbus\/bekanntmachungen\/putbuser-nachrichten\/","title":{"rendered":"Nachrichten"},"content":{"rendered":"\n<div class=\"wp-block-cover alignfull is-light has-border-color has-white-border-color\" style=\"border-width:1.5vw;min-height:50vh;aspect-ratio:unset;\"><span aria-hidden=\"true\" class=\"wp-block-cover__background has-background-dim-0 has-background-dim\" style=\"background-color:#a1a1a1\"><\/span><img loading=\"lazy\" decoding=\"async\" width=\"2000\" height=\"1124\" src=\"https:\/\/putbus.de\/stadt-putbus\/wp-content\/uploads\/sites\/3\/2025\/08\/nachrichten-1.jpg\" class=\"wp-block-cover__image-background wp-post-image\" alt=\"\" data-object-fit=\"cover\" srcset=\"https:\/\/putbus.de\/stadt-putbus\/wp-content\/uploads\/sites\/3\/2025\/08\/nachrichten-1.jpg 2000w, https:\/\/putbus.de\/stadt-putbus\/wp-content\/uploads\/sites\/3\/2025\/08\/nachrichten-1-300x169.jpg 300w, https:\/\/putbus.de\/stadt-putbus\/wp-content\/uploads\/sites\/3\/2025\/08\/nachrichten-1-1024x575.jpg 1024w, https:\/\/putbus.de\/stadt-putbus\/wp-content\/uploads\/sites\/3\/2025\/08\/nachrichten-1-768x432.jpg 768w, https:\/\/putbus.de\/stadt-putbus\/wp-content\/uploads\/sites\/3\/2025\/08\/nachrichten-1-1536x863.jpg 1536w\" sizes=\"auto, (max-width: 2000px) 100vw, 2000px\" \/><div class=\"wp-block-cover__inner-container is-layout-constrained wp-block-cover-is-layout-constrained\">\n<p class=\"has-text-align-center has-large-font-size\"><\/p>\n<\/div><\/div>\n\n\n\n<div class=\"wp-block-cover alignfull is-light\" style=\"border-top-style:none;border-top-width:0vw;border-right-color:var(--wp--preset--color--white);border-right-width:1.5vw;border-bottom-color:var(--wp--preset--color--white);border-left-color:var(--wp--preset--color--white);border-left-width:1.5vw;margin-top:0;margin-bottom:0;padding-top:0;padding-right:0;padding-bottom:0;padding-left:0;min-height:240px;aspect-ratio:unset;\"><img loading=\"lazy\" decoding=\"async\" width=\"1024\" height=\"225\" class=\"wp-block-cover__image-background wp-image-4160 size-large\" alt=\"\" src=\"https:\/\/putbus.de\/stadt-putbus\/wp-content\/uploads\/sites\/3\/2025\/08\/bg_tabs-1-1024x225.png\" data-object-fit=\"cover\" srcset=\"https:\/\/putbus.de\/stadt-putbus\/wp-content\/uploads\/sites\/3\/2025\/08\/bg_tabs-1-1024x225.png 1024w, https:\/\/putbus.de\/stadt-putbus\/wp-content\/uploads\/sites\/3\/2025\/08\/bg_tabs-1-300x66.png 300w, https:\/\/putbus.de\/stadt-putbus\/wp-content\/uploads\/sites\/3\/2025\/08\/bg_tabs-1-768x169.png 768w, https:\/\/putbus.de\/stadt-putbus\/wp-content\/uploads\/sites\/3\/2025\/08\/bg_tabs-1-1536x338.png 1536w, https:\/\/putbus.de\/stadt-putbus\/wp-content\/uploads\/sites\/3\/2025\/08\/bg_tabs-1.png 1920w\" sizes=\"auto, (max-width: 1024px) 100vw, 1024px\" \/><span aria-hidden=\"true\" class=\"wp-block-cover__background has-background-dim\" style=\"background-color:#fcfbf9\"><\/span><div class=\"wp-block-cover__inner-container is-layout-constrained wp-container-core-cover-is-layout-72190d31 wp-block-cover-is-layout-constrained\">\n<div class=\"wp-block-group alignwide is-layout-flow wp-block-group-is-layout-flow\">\n<div class=\"wp-block-group alignfull is-nowrap is-layout-flex wp-container-core-group-is-layout-b6b71352 wp-block-group-is-layout-flex\" style=\"padding-right:0;padding-left:0\">\n<h4 class=\"wp-block-heading has-primary-color has-text-color has-link-color has-jost-font-family has-small-font-size wp-elements-5f8a268135d6922a57540e0135d18170\" style=\"font-style:normal;font-weight:400\"><a href=\"\/\">Startseite<\/a><\/h4>\n\n\n\n<h4 class=\"wp-block-heading has-primary-color has-text-color has-link-color has-jost-font-family has-small-font-size wp-elements-e748835a7f3ffb267ad89f2a493c0e46\" style=\"font-style:normal;font-weight:400\"><a href=\"\/stadt-putbus\">Stadt Putbus<\/a><\/h4>\n\n\n<h4 style=\"font-style:normal;font-weight:400;\" class=\"has-link-color wp-elements-62edc01cb5249a80f4ffb694134daceb wp-block-post-title has-text-color has-primary-color has-small-font-size has-jost-font-family\">Nachrichten<\/h4><\/div>\n\n\n<h1 class=\"has-link-color alignfull wp-elements-5e46b7bf8e297d309f64b1b87a4f9e16 wp-block-post-title has-text-color has-primary-color has-large-font-size has-vollkorn-font-family\">Nachrichten<\/h1>\n\n\n<p>Aktuelle Nachrichten f\u00fcr die Stadt Putbus.<\/p>\n<\/div>\n<\/div><\/div>\n\n\n\n<div class=\"wp-block-columns alignwide is-layout-flex wp-container-core-columns-is-layout-dbfacf25 wp-block-columns-is-layout-flex\" style=\"margin-top:var(--wp--preset--spacing--40);margin-bottom:var(--wp--preset--spacing--40)\">\n<div class=\"wp-block-column is-layout-flow wp-container-core-column-is-layout-f5bb311e wp-block-column-is-layout-flow\">\n<div class=\"wp-block-query alignwide is-layout-flow wp-block-query-is-layout-flow\"><ul class=\"columns-3 wp-block-post-template is-layout-grid wp-container-core-post-template-is-layout-6d3fbd8f wp-block-post-template-is-layout-grid\"><li class=\"wp-block-post post-5306 nachrichten type-nachrichten status-publish hentry\">\n\n<div class=\"wp-block-group has-light-background-color has-background is-content-justification-left is-layout-constrained wp-container-core-group-is-layout-b38e257a wp-block-group-is-layout-constrained\" style=\"min-height:100%;padding-top:var(--wp--preset--spacing--20);padding-right:var(--wp--preset--spacing--20);padding-bottom:var(--wp--preset--spacing--20);padding-left:var(--wp--preset--spacing--20)\"><div class=\"wp-block-post-date has-small-font-size has-jost-font-family\"><time datetime=\"2026-04-13T11:44:22+02:00\">13. April 2026<\/time><\/div>\n\n<h2 style=\"font-style:normal;font-weight:600; margin-top:var(--wp--preset--spacing--10);margin-bottom:var(--wp--preset--spacing--10);\" class=\"wp-block-post-title has-medium-font-size has-vollkorn-font-family\"><a href=\"https:\/\/putbus.de\/stadt-putbus\/nachrichten\/information-angebote-kreisvolkshochschule-v-r\/\" target=\"_self\" >Information &#8211; Angebote Kreisvolkshochschule V-R<\/a><\/h2>\n\n<div class=\"wp-block-post-excerpt\"><p class=\"wp-block-post-excerpt__excerpt\">Angebote der &#8222;vhs&#8220; f\u00fcr Mai 2026 <\/p><\/div>\n\n<a style=\"margin-top:var(--wp--preset--spacing--20);margin-bottom:var(--wp--preset--spacing--20);\" class=\"wp-elements-0f309bfa31a25e2c56b824a9caadaf23 wp-block-read-more has-text-color has-primary-color has-jost-font-family\" href=\"https:\/\/putbus.de\/stadt-putbus\/nachrichten\/information-angebote-kreisvolkshochschule-v-r\/\" target=\"_self\">weiterlesen<span class=\"screen-reader-text\">: Information &#8211; Angebote Kreisvolkshochschule V-R<\/span><\/a><\/div>\n\n<\/li><li class=\"wp-block-post post-5206 nachrichten type-nachrichten status-publish hentry\">\n\n<div class=\"wp-block-group has-light-background-color has-background is-content-justification-left is-layout-constrained wp-container-core-group-is-layout-b38e257a wp-block-group-is-layout-constrained\" style=\"min-height:100%;padding-top:var(--wp--preset--spacing--20);padding-right:var(--wp--preset--spacing--20);padding-bottom:var(--wp--preset--spacing--20);padding-left:var(--wp--preset--spacing--20)\"><div class=\"wp-block-post-date has-small-font-size has-jost-font-family\"><time datetime=\"2026-03-26T15:32:51+01:00\">26. M\u00e4rz 2026<\/time><\/div>\n\n<h2 style=\"font-style:normal;font-weight:600; margin-top:var(--wp--preset--spacing--10);margin-bottom:var(--wp--preset--spacing--10);\" class=\"wp-block-post-title has-medium-font-size has-vollkorn-font-family\"><a href=\"https:\/\/putbus.de\/stadt-putbus\/nachrichten\/information-angebote-fuer-rat-und-hilfesuchende-zwischen-weihnachten-und-neujahr-2\/\" target=\"_self\" >Information &#8211; Angebote f\u00fcr Rat- und Hilfesuchende zu den Feiertagen<\/a><\/h2>\n\n<div class=\"wp-block-post-excerpt\"><p class=\"wp-block-post-excerpt__excerpt\">Eine \u00dcbersicht mit Angeboten f\u00fcr die Insel R\u00fcgen und Stralsund <\/p><\/div>\n\n<a style=\"margin-top:var(--wp--preset--spacing--20);margin-bottom:var(--wp--preset--spacing--20);\" class=\"wp-elements-0f309bfa31a25e2c56b824a9caadaf23 wp-block-read-more has-text-color has-primary-color has-jost-font-family\" href=\"https:\/\/putbus.de\/stadt-putbus\/nachrichten\/information-angebote-fuer-rat-und-hilfesuchende-zwischen-weihnachten-und-neujahr-2\/\" target=\"_self\">weiterlesen<span class=\"screen-reader-text\">: Information &#8211; Angebote f\u00fcr Rat- und Hilfesuchende zu den Feiertagen<\/span><\/a><\/div>\n\n<\/li><li class=\"wp-block-post post-5287 nachrichten type-nachrichten status-publish hentry\">\n\n<div class=\"wp-block-group has-light-background-color has-background is-content-justification-left is-layout-constrained wp-container-core-group-is-layout-b38e257a wp-block-group-is-layout-constrained\" style=\"min-height:100%;padding-top:var(--wp--preset--spacing--20);padding-right:var(--wp--preset--spacing--20);padding-bottom:var(--wp--preset--spacing--20);padding-left:var(--wp--preset--spacing--20)\"><div class=\"wp-block-post-date has-small-font-size has-jost-font-family\"><time datetime=\"2026-03-09T13:06:49+01:00\">9. M\u00e4rz 2026<\/time><\/div>\n\n<h2 style=\"font-style:normal;font-weight:600; margin-top:var(--wp--preset--spacing--10);margin-bottom:var(--wp--preset--spacing--10);\" class=\"wp-block-post-title has-medium-font-size has-vollkorn-font-family\"><a href=\"https:\/\/putbus.de\/stadt-putbus\/nachrichten\/information-2-anwohnerinformation-ausbau-rueg-15-ol-guestelitz\/\" target=\"_self\" >Information &#8211; 2. Anwohnerinformation Ausbau R\u00dcG 15 OL G\u00fcstelitz<\/a><\/h2>\n\n<div class=\"wp-block-post-excerpt\"><p class=\"wp-block-post-excerpt__excerpt\">Baubeginn des 1. Abschnittes ab dem 16.03.2026. Vollsperrung Ortslage G\u00fcstelitz <\/p><\/div>\n\n<a style=\"margin-top:var(--wp--preset--spacing--20);margin-bottom:var(--wp--preset--spacing--20);\" class=\"wp-elements-0f309bfa31a25e2c56b824a9caadaf23 wp-block-read-more has-text-color has-primary-color has-jost-font-family\" href=\"https:\/\/putbus.de\/stadt-putbus\/nachrichten\/information-2-anwohnerinformation-ausbau-rueg-15-ol-guestelitz\/\" target=\"_self\">weiterlesen<span class=\"screen-reader-text\">: Information &#8211; 2. Anwohnerinformation Ausbau R\u00dcG 15 OL G\u00fcstelitz<\/span><\/a><\/div>\n\n<\/li><li class=\"wp-block-post post-5286 nachrichten type-nachrichten status-publish hentry\">\n\n<div class=\"wp-block-group has-light-background-color has-background is-content-justification-left is-layout-constrained wp-container-core-group-is-layout-b38e257a wp-block-group-is-layout-constrained\" style=\"min-height:100%;padding-top:var(--wp--preset--spacing--20);padding-right:var(--wp--preset--spacing--20);padding-bottom:var(--wp--preset--spacing--20);padding-left:var(--wp--preset--spacing--20)\"><div class=\"wp-block-post-date has-small-font-size has-jost-font-family\"><time datetime=\"2026-03-09T12:14:42+01:00\">9. M\u00e4rz 2026<\/time><\/div>\n\n<h2 style=\"font-style:normal;font-weight:600; margin-top:var(--wp--preset--spacing--10);margin-bottom:var(--wp--preset--spacing--10);\" class=\"wp-block-post-title has-medium-font-size has-vollkorn-font-family\"><a href=\"https:\/\/putbus.de\/stadt-putbus\/nachrichten\/interessenbekundungsverfahren-betrieb-steganlage-hafen-lauterbach\/\" target=\"_self\" >Interessenbekundungsverfahren- Betrieb Steganlage Hafen Lauterbach<\/a><\/h2>\n\n<div class=\"wp-block-post-excerpt\"><p class=\"wp-block-post-excerpt__excerpt\">Detaillierte Informationen, Anforderungen sowie Fristen des Verfahrens <\/p><\/div>\n\n<a style=\"margin-top:var(--wp--preset--spacing--20);margin-bottom:var(--wp--preset--spacing--20);\" class=\"wp-elements-0f309bfa31a25e2c56b824a9caadaf23 wp-block-read-more has-text-color has-primary-color has-jost-font-family\" href=\"https:\/\/putbus.de\/stadt-putbus\/nachrichten\/interessenbekundungsverfahren-betrieb-steganlage-hafen-lauterbach\/\" target=\"_self\">weiterlesen<span class=\"screen-reader-text\">: Interessenbekundungsverfahren- Betrieb Steganlage Hafen Lauterbach<\/span><\/a><\/div>\n\n<\/li><li class=\"wp-block-post post-5281 nachrichten type-nachrichten status-publish hentry\">\n\n<div class=\"wp-block-group has-light-background-color has-background is-content-justification-left is-layout-constrained wp-container-core-group-is-layout-b38e257a wp-block-group-is-layout-constrained\" style=\"min-height:100%;padding-top:var(--wp--preset--spacing--20);padding-right:var(--wp--preset--spacing--20);padding-bottom:var(--wp--preset--spacing--20);padding-left:var(--wp--preset--spacing--20)\"><div class=\"wp-block-post-date has-small-font-size has-jost-font-family\"><time datetime=\"2026-03-04T11:08:20+01:00\">4. M\u00e4rz 2026<\/time><\/div>\n\n<h2 style=\"font-style:normal;font-weight:600; margin-top:var(--wp--preset--spacing--10);margin-bottom:var(--wp--preset--spacing--10);\" class=\"wp-block-post-title has-medium-font-size has-vollkorn-font-family\"><a href=\"https:\/\/putbus.de\/stadt-putbus\/nachrichten\/wettbewerb-machen2026\/\" target=\"_self\" >Wettbewerb &#8222;machen!2026&#8220;<\/a><\/h2>\n\n<div class=\"wp-block-post-excerpt\"><p class=\"wp-block-post-excerpt__excerpt\">Engagementwettbewerb f\u00fcr gute Ideen in den ostdeutschen Fl\u00e4chenl\u00e4ndern. Insgesamt werden 200 Projektideen von einer Jury mit Preisgeldern zwischen 2.500 und 10.000 Euro in drei Kategorien ausgezeichnet. <\/p><\/div>\n\n<a style=\"margin-top:var(--wp--preset--spacing--20);margin-bottom:var(--wp--preset--spacing--20);\" class=\"wp-elements-0f309bfa31a25e2c56b824a9caadaf23 wp-block-read-more has-text-color has-primary-color has-jost-font-family\" href=\"https:\/\/putbus.de\/stadt-putbus\/nachrichten\/wettbewerb-machen2026\/\" target=\"_self\">weiterlesen<span class=\"screen-reader-text\">: Wettbewerb &#8222;machen!2026&#8220;<\/span><\/a><\/div>\n\n<\/li><li class=\"wp-block-post post-5273 nachrichten type-nachrichten status-publish hentry\">\n\n<div class=\"wp-block-group has-light-background-color has-background is-content-justification-left is-layout-constrained wp-container-core-group-is-layout-b38e257a wp-block-group-is-layout-constrained\" style=\"min-height:100%;padding-top:var(--wp--preset--spacing--20);padding-right:var(--wp--preset--spacing--20);padding-bottom:var(--wp--preset--spacing--20);padding-left:var(--wp--preset--spacing--20)\"><div class=\"wp-block-post-date has-small-font-size has-jost-font-family\"><time datetime=\"2026-02-23T12:27:01+01:00\">23. Februar 2026<\/time><\/div>\n\n<h2 style=\"font-style:normal;font-weight:600; margin-top:var(--wp--preset--spacing--10);margin-bottom:var(--wp--preset--spacing--10);\" class=\"wp-block-post-title has-medium-font-size has-vollkorn-font-family\"><a href=\"https:\/\/putbus.de\/stadt-putbus\/nachrichten\/verkehrskonzept-putbus-online-beteiligung\/\" target=\"_self\" >Verkehrskonzept Putbus &#8211; Online-Beteiligung<\/a><\/h2>\n\n<div class=\"wp-block-post-excerpt\"><p class=\"wp-block-post-excerpt__excerpt\">Umfrage zum Verkehrskonzept zur fr\u00fchzeitigen Beteiligung der \u00d6ffentlichkeit <\/p><\/div>\n\n<a style=\"margin-top:var(--wp--preset--spacing--20);margin-bottom:var(--wp--preset--spacing--20);\" class=\"wp-elements-0f309bfa31a25e2c56b824a9caadaf23 wp-block-read-more has-text-color has-primary-color has-jost-font-family\" href=\"https:\/\/putbus.de\/stadt-putbus\/nachrichten\/verkehrskonzept-putbus-online-beteiligung\/\" target=\"_self\">weiterlesen<span class=\"screen-reader-text\">: Verkehrskonzept Putbus &#8211; Online-Beteiligung<\/span><\/a><\/div>\n\n<\/li><li class=\"wp-block-post post-5246 nachrichten type-nachrichten status-publish hentry\">\n\n<div class=\"wp-block-group has-light-background-color has-background is-content-justification-left is-layout-constrained wp-container-core-group-is-layout-b38e257a wp-block-group-is-layout-constrained\" style=\"min-height:100%;padding-top:var(--wp--preset--spacing--20);padding-right:var(--wp--preset--spacing--20);padding-bottom:var(--wp--preset--spacing--20);padding-left:var(--wp--preset--spacing--20)\"><div class=\"wp-block-post-date has-small-font-size has-jost-font-family\"><time datetime=\"2026-02-03T11:47:45+01:00\">3. Februar 2026<\/time><\/div>\n\n<h2 style=\"font-style:normal;font-weight:600; margin-top:var(--wp--preset--spacing--10);margin-bottom:var(--wp--preset--spacing--10);\" class=\"wp-block-post-title has-medium-font-size has-vollkorn-font-family\"><a href=\"https:\/\/putbus.de\/stadt-putbus\/nachrichten\/information-gebuehrenanhebung-ausweisdokumente\/\" target=\"_self\" >Information &#8211; Geb\u00fchrenanhebung Ausweisdokumente<\/a><\/h2>\n\n<div class=\"wp-block-post-excerpt\"><p class=\"wp-block-post-excerpt__excerpt\">Anpassung der Ausstellungsgeb\u00fchr f\u00fcr Personalausweise gem. Verordnung (VerwaltEntlastVO) <\/p><\/div>\n\n<a style=\"margin-top:var(--wp--preset--spacing--20);margin-bottom:var(--wp--preset--spacing--20);\" class=\"wp-elements-0f309bfa31a25e2c56b824a9caadaf23 wp-block-read-more has-text-color has-primary-color has-jost-font-family\" href=\"https:\/\/putbus.de\/stadt-putbus\/nachrichten\/information-gebuehrenanhebung-ausweisdokumente\/\" target=\"_self\">weiterlesen<span class=\"screen-reader-text\">: Information &#8211; Geb\u00fchrenanhebung Ausweisdokumente<\/span><\/a><\/div>\n\n<\/li><li class=\"wp-block-post post-5212 nachrichten type-nachrichten status-publish hentry\">\n\n<div class=\"wp-block-group has-light-background-color has-background is-content-justification-left is-layout-constrained wp-container-core-group-is-layout-b38e257a wp-block-group-is-layout-constrained\" style=\"min-height:100%;padding-top:var(--wp--preset--spacing--20);padding-right:var(--wp--preset--spacing--20);padding-bottom:var(--wp--preset--spacing--20);padding-left:var(--wp--preset--spacing--20)\"><div class=\"wp-block-post-date has-small-font-size has-jost-font-family\"><time datetime=\"2026-01-08T15:11:21+01:00\">8. Januar 2026<\/time><\/div>\n\n<h2 style=\"font-style:normal;font-weight:600; margin-top:var(--wp--preset--spacing--10);margin-bottom:var(--wp--preset--spacing--10);\" class=\"wp-block-post-title has-medium-font-size has-vollkorn-font-family\"><a href=\"https:\/\/putbus.de\/stadt-putbus\/nachrichten\/gefahrenwarnung-eisflaechen\/\" target=\"_self\" >Gefahrenwarnung Eisfl\u00e4chen<\/a><\/h2>\n\n<div class=\"wp-block-post-excerpt\"><p class=\"wp-block-post-excerpt__excerpt\">Lebensgefahr beim betreten von Eisfl\u00e4chen <\/p><\/div>\n\n<a style=\"margin-top:var(--wp--preset--spacing--20);margin-bottom:var(--wp--preset--spacing--20);\" class=\"wp-elements-0f309bfa31a25e2c56b824a9caadaf23 wp-block-read-more has-text-color has-primary-color has-jost-font-family\" href=\"https:\/\/putbus.de\/stadt-putbus\/nachrichten\/gefahrenwarnung-eisflaechen\/\" target=\"_self\">weiterlesen<span class=\"screen-reader-text\">: Gefahrenwarnung Eisfl\u00e4chen<\/span><\/a><\/div>\n\n<\/li><li class=\"wp-block-post post-5146 nachrichten type-nachrichten status-publish hentry\">\n\n<div class=\"wp-block-group has-light-background-color has-background is-content-justification-left is-layout-constrained wp-container-core-group-is-layout-b38e257a wp-block-group-is-layout-constrained\" style=\"min-height:100%;padding-top:var(--wp--preset--spacing--20);padding-right:var(--wp--preset--spacing--20);padding-bottom:var(--wp--preset--spacing--20);padding-left:var(--wp--preset--spacing--20)\"><div class=\"wp-block-post-date has-small-font-size has-jost-font-family\"><time datetime=\"2025-10-22T12:25:53+02:00\">22. Oktober 2025<\/time><\/div>\n\n<h2 style=\"font-style:normal;font-weight:600; margin-top:var(--wp--preset--spacing--10);margin-bottom:var(--wp--preset--spacing--10);\" class=\"wp-block-post-title has-medium-font-size has-vollkorn-font-family\"><a href=\"https:\/\/putbus.de\/stadt-putbus\/nachrichten\/information-ausbruch-gefluegelpest-in-angrenzenden-gemeinden\/\" target=\"_self\" >Information &#8211; Ausbruch Gefl\u00fcgelpest in angrenzenden Gemeinden<\/a><\/h2>\n\n<div class=\"wp-block-post-excerpt\"><p class=\"wp-block-post-excerpt__excerpt\">Festlegung als \u00dcberwachungszone folgender Ortsteile: Alt Lanschvitz, Dumgenevitz, Krimvitz und Strachtitz &#8211; Sichtungen und Funde von toten V\u00f6geln sind umgehend zu melden! <\/p><\/div>\n\n<a style=\"margin-top:var(--wp--preset--spacing--20);margin-bottom:var(--wp--preset--spacing--20);\" class=\"wp-elements-0f309bfa31a25e2c56b824a9caadaf23 wp-block-read-more has-text-color has-primary-color has-jost-font-family\" href=\"https:\/\/putbus.de\/stadt-putbus\/nachrichten\/information-ausbruch-gefluegelpest-in-angrenzenden-gemeinden\/\" target=\"_self\">weiterlesen<span class=\"screen-reader-text\">: Information &#8211; Ausbruch Gefl\u00fcgelpest in angrenzenden Gemeinden<\/span><\/a><\/div>\n\n<\/li><li class=\"wp-block-post post-5136 nachrichten type-nachrichten status-publish hentry\">\n\n<div class=\"wp-block-group has-light-background-color has-background is-content-justification-left is-layout-constrained wp-container-core-group-is-layout-b38e257a wp-block-group-is-layout-constrained\" style=\"min-height:100%;padding-top:var(--wp--preset--spacing--20);padding-right:var(--wp--preset--spacing--20);padding-bottom:var(--wp--preset--spacing--20);padding-left:var(--wp--preset--spacing--20)\"><div class=\"wp-block-post-date has-small-font-size has-jost-font-family\"><time datetime=\"2025-10-21T13:47:48+02:00\">21. Oktober 2025<\/time><\/div>\n\n<h2 style=\"font-style:normal;font-weight:600; margin-top:var(--wp--preset--spacing--10);margin-bottom:var(--wp--preset--spacing--10);\" class=\"wp-block-post-title has-medium-font-size has-vollkorn-font-family\"><a href=\"https:\/\/putbus.de\/stadt-putbus\/nachrichten\/schiedsperson-wahlperiode-2025-2030\/\" target=\"_self\" >Schiedsperson Wahlperiode 2025 &#8211; 2030<\/a><\/h2>\n\n<div class=\"wp-block-post-excerpt\"><p class=\"wp-block-post-excerpt__excerpt\">F\u00fcr die Wahlperiode 2025-2030 sucht die Stadt Putbus eine Schiedsperson und eine stellvertretende Schiedsperson <\/p><\/div>\n\n<a style=\"margin-top:var(--wp--preset--spacing--20);margin-bottom:var(--wp--preset--spacing--20);\" class=\"wp-elements-0f309bfa31a25e2c56b824a9caadaf23 wp-block-read-more has-text-color has-primary-color has-jost-font-family\" href=\"https:\/\/putbus.de\/stadt-putbus\/nachrichten\/schiedsperson-wahlperiode-2025-2030\/\" target=\"_self\">weiterlesen<span class=\"screen-reader-text\">: Schiedsperson Wahlperiode 2025 &#8211; 2030<\/span><\/a><\/div>\n\n<\/li><\/ul><\/div>\n<\/div>\n<\/div>\n","protected":false},"excerpt":{"rendered":"","protected":false},"author":1,"featured_media":4240,"parent":1148,"menu_order":0,"comment_status":"closed","ping_status":"closed","template":"","meta":{"footnotes":""},"seite_kategorie":[144],"class_list":["post-1166","page","type-page","status-publish","has-post-thumbnail","hentry","seite_kategorie-bekanntmachungen"],"_links":{"self":[{"href":"https:\/\/putbus.de\/stadt-putbus\/wp-json\/wp\/v2\/pages\/1166","targetHints":{"allow":["GET"]}}],"collection":[{"href":"https:\/\/putbus.de\/stadt-putbus\/wp-json\/wp\/v2\/pages"}],"about":[{"href":"https:\/\/putbus.de\/stadt-putbus\/wp-json\/wp\/v2\/types\/page"}],"author":[{"embeddable":true,"href":"https:\/\/putbus.de\/stadt-putbus\/wp-json\/wp\/v2\/users\/1"}],"replies":[{"embeddable":true,"href":"https:\/\/putbus.de\/stadt-putbus\/wp-json\/wp\/v2\/comments?post=1166"}],"version-history":[{"count":23,"href":"https:\/\/putbus.de\/stadt-putbus\/wp-json\/wp\/v2\/pages\/1166\/revisions"}],"predecessor-version":[{"id":5045,"href":"https:\/\/putbus.de\/stadt-putbus\/wp-json\/wp\/v2\/pages\/1166\/revisions\/5045"}],"up":[{"embeddable":true,"href":"https:\/\/putbus.de\/stadt-putbus\/wp-json\/wp\/v2\/pages\/1148"}],"wp:featuredmedia":[{"embeddable":true,"href":"https:\/\/putbus.de\/stadt-putbus\/wp-json\/wp\/v2\/media\/4240"}],"wp:attachment":[{"href":"https:\/\/putbus.de\/stadt-putbus\/wp-json\/wp\/v2\/media?parent=1166"}],"wp:term":[{"taxonomy":"seite_kategorie","embeddable":true,"href":"https:\/\/putbus.de\/stadt-putbus\/wp-json\/wp\/v2\/seite_kategorie?post=1166"}],"curies":[{"name":"wp","href":"https:\/\/api.w.org\/{rel}","templated":true}]}}